{"id":168,"date":"2017-03-05T20:20:57","date_gmt":"2017-03-05T20:20:57","guid":{"rendered":"http:\/\/2017.sv-oberopfingen.de\/?page_id=168"},"modified":"2018-09-15T08:29:47","modified_gmt":"2018-09-15T08:29:47","slug":"trainingszeiten","status":"publish","type":"page","link":"https:\/\/sv-oberopfingen.de\/?page_id=168","title":{"rendered":"Trainingszeiten"},"content":{"rendered":"<p>Wir haben folgende festen Trainingszeiten:<\/p>\n<p><strong>Mittwochs 19 &#8211; 21 Uhr<br \/>\n<\/strong><\/p>\n<p><strong>Freitags 19 &#8211; 22 Uhr<\/strong><\/p>\n<p>Diese Zeiten gelten f\u00fcr unsere Jugend und unsere Erwachsenen.<\/p>\n<blockquote><p>Zus\u00e4tzlich findet an abgespochenen Terminen regelm\u00e4\u00dfig weiteres Training statt.<\/p><\/blockquote>\n","protected":false},"excerpt":{"rendered":"<p>Wir haben folgende festen Trainingszeiten: Mittwochs 19 &#8211; 21 Uhr Freitags 19 &#8211; 22 Uhr Diese Zeiten gelten f\u00fcr unsere Jugend und unsere Erwachsenen. Zus\u00e4tzlich findet an abgespochenen Terminen regelm\u00e4\u00dfig\u2026<\/p>\n<p> <a class=\"continue-reading-link\" href=\"https:\/\/sv-oberopfingen.de\/?page_id=168\"><span>weiterlesen &#8230;<\/span><i class=\"crycon-right-dir\"><\/i><\/a> <\/p>\n","protected":false},"author":1,"featured_media":0,"parent":12,"menu_order":0,"comment_status":"closed","ping_status":"closed","template":"","meta":{"ngg_post_thumbnail":0,"jetpack_post_was_ever_published":false,"footnotes":""},"class_list":["post-168","page","type-page","status-publish","hentry"],"jetpack_sharing_enabled":true,"jetpack_shortlink":"https:\/\/wp.me\/P8tdTm-2I","jetpack-related-posts":[],"_links":{"self":[{"href":"https:\/\/sv-oberopfingen.de\/index.php?rest_route=\/wp\/v2\/pages\/168","targetHints":{"allow":["GET"]}}],"collection":[{"href":"https:\/\/sv-oberopfingen.de\/index.php?rest_route=\/wp\/v2\/pages"}],"about":[{"href":"https:\/\/sv-oberopfingen.de\/index.php?rest_route=\/wp\/v2\/types\/page"}],"author":[{"embeddable":true,"href":"https:\/\/sv-oberopfingen.de\/index.php?rest_route=\/wp\/v2\/users\/1"}],"replies":[{"embeddable":true,"href":"https:\/\/sv-oberopfingen.de\/index.php?rest_route=%2Fwp%2Fv2%2Fcomments&post=168"}],"version-history":[{"count":9,"href":"https:\/\/sv-oberopfingen.de\/index.php?rest_route=\/wp\/v2\/pages\/168\/revisions"}],"predecessor-version":[{"id":3252,"href":"https:\/\/sv-oberopfingen.de\/index.php?rest_route=\/wp\/v2\/pages\/168\/revisions\/3252"}],"up":[{"embeddable":true,"href":"https:\/\/sv-oberopfingen.de\/index.php?rest_route=\/wp\/v2\/pages\/12"}],"wp:attachment":[{"href":"https:\/\/sv-oberopfingen.de\/index.php?rest_route=%2Fwp%2Fv2%2Fmedia&parent=168"}],"curies":[{"name":"wp","href":"https:\/\/api.w.org\/{rel}","templated":true}]}}